{"id":1770,"date":"2021-05-11T10:06:25","date_gmt":"2021-05-11T08:06:25","guid":{"rendered":"https:\/\/legaltechpolska.pl\/?page_id=1770"},"modified":"2021-05-11T11:52:14","modified_gmt":"2021-05-11T09:52:14","slug":"narzedzia-wspierajace-katalog-legaltech-polska","status":"publish","type":"page","link":"https:\/\/legaltechpolska.pl\/en\/narzedzia-wspierajace-katalog-legaltech-polska\/","title":{"rendered":"Narz\u0119dzia wspieraj\u0105ce &#8211; katalog LegalTech Polska"},"content":{"rendered":"\n<h2 class=\"wp-block-heading\">naffy<\/h2>\n\n\n\n<table id=\"tablepress-61\" class=\"tablepress tablepress-id-61\">\n<thead>\n<tr class=\"row-1\">\n\t<th class=\"column-1\">Firma<\/th><th class=\"column-2\">FF Labs Sp. z o.o.<\/th>\n<\/tr>\n<\/thead>\n<tbody class=\"row-striping row-hover\">\n<tr class=\"row-2\">\n\t<td class=\"column-1\">Nazwa produktu<\/td><td class=\"column-2\">naffy<\/td>\n<\/tr>\n<tr class=\"row-3\">\n\t<td class=\"column-1\">Opis produktu<\/td><td class=\"column-2\">Misj\u0105 naffy.io jest umo\u017cliwienie efektywnego \u015bwiadczenia us\u0142ug online. Chcemy u\u0142atwi\u0107 prawnikom ich prac\u0119, daj\u0105c im \u0142atwe w u\u017cyciu narz\u0119dzie zaspokajaj\u0105ce wiele potrzeb. Dzi\u0119ki naffy.io \u0142atwiej wyr\u00f3\u017cni\u0107 si\u0119 w internecie i przekona\u0107 do siebie klienta. Pozwala te\u017c zaoszcz\u0119dzi\u0107 czas sp\u0119dzany na umawianiu spotka\u0144.<\/td>\n<\/tr>\n<tr class=\"row-4\">\n\t<td class=\"column-1\">Podstawowe zastosowania<\/td><td class=\"column-2\">naffy.io pozwala stworzy\u0107 w\u0142asn\u0105 stron\u0119 internetow\u0105 bez pomocy grafika i programisty. Wbudowany na stronie prawnika terminarz pozwala jego klientom rezerwowa\u0107 spotkania samodzielnie. Spotkania online odbywaj\u0105 si\u0119 przez \u0142atwy w u\u017cyciu, bezpieczny komunikator do wideorozm\u00f3w.<\/td>\n<\/tr>\n<tr class=\"row-5\">\n\t<td class=\"column-1\">Wyr\u00f3\u017cniaj\u0105ca si\u0119 cecha produktu<\/td><td class=\"column-2\">G\u0142\u00f3wn\u0105 cech\u0105 wyr\u00f3\u017cniaj\u0105c\u0105 naffy.io jest jego kompletno\u015b\u0107. To jedyne narz\u0119dzie na rynku \u0142\u0105cz\u0105ce w sobie narz\u0119dzie do budowy stron, terminarz rezerwacji spotka\u0144 i komunikator do wideorozm\u00f3w. Dzi\u0119ki temu u\u017cytkownik ma wszystkie te elementy w jednym miejscu. Nie musi prze\u0142\u0105cza\u0107 si\u0119 mi\u0119dzy kilkoma r\u00f3\u017cnymi narz\u0119dziami ani ich ze sob\u0105 integrowa\u0107.<br \/>\n<br \/>\nDrug\u0105 unikaln\u0105 cech\u0105 naffy.io jest jego prostota. Podczas tworzenia strony internetowej u\u017cytkownik uzupe\u0142nia informacje o sobie i swoich us\u0142ugach. naffy.io automatycznie dopasowuje informacje do wybranego szablonu strony. Dzi\u0119ki temu jest ona zgodna z najlepszymi praktykami tworzenia skutecznych stron.<br \/>\n<br \/>\nBardzo prosty w u\u017cyciu jest r\u00f3wnie\u017c komunikator do wideokonferencji. Klient rezerwuj\u0105cy spotkanie nie musi zak\u0142ada\u0107 konta ani instalowa\u0107 \u017cadnego oprogramowania. Wystarczy, \u017ce wejdzie w link podany w mailu i mo\u017ce odby\u0107 wideorozmow\u0119 z prawnikiem w przegl\u0105darce internetowej. U\u0142atwia to przeprowadzenie us\u0142ugi i zwi\u0119ksza satysfakcj\u0119 klienta.<\/td>\n<\/tr>\n<tr class=\"row-6\">\n\t<td class=\"column-1\">Grupa docelowa u\u017cytkownik\u00f3w<\/td><td class=\"column-2\">Adwokaci, radcy prawni.<\/td>\n<\/tr>\n<tr class=\"row-7\">\n\t<td class=\"column-1\">Kraj odbiorc\u00f3w produktu<\/td><td class=\"column-2\">Polska<\/td>\n<\/tr>\n<tr class=\"row-8\">\n\t<td class=\"column-1\">Model p\u0142atno\u015bci<\/td><td class=\"column-2\">Comiesi\u0119czna subskrypcja<\/td>\n<\/tr>\n<tr class=\"row-9\">\n\t<td class=\"column-1\">Spos\u00f3b korzystania<\/td><td class=\"column-2\">SaaS<\/td>\n<\/tr>\n<tr class=\"row-10\">\n\t<td class=\"column-1\">Siedziba<\/td><td class=\"column-2\">Toru\u0144<\/td>\n<\/tr>\n<tr class=\"row-11\">\n\t<td class=\"column-1\">Rok za\u0142o\u017cenia<\/td><td class=\"column-2\">2020<\/td>\n<\/tr>\n<tr class=\"row-12\">\n\t<td class=\"column-1\">Strona internetowa<\/td><td class=\"column-2\"><a href=\"https:\/\/naffy.io\/\" rel=\"nofollow\">https:\/\/naffy.io\/<\/a><\/td>\n<\/tr>\n<tr class=\"row-13\">\n\t<td class=\"column-1\">Email<\/td><td class=\"column-2\"><a href=\"mailto:hello@naffy.io\">hello@naffy.io<\/a><\/td>\n<\/tr>\n<tr class=\"row-14\">\n\t<td class=\"column-1\">Twitter (lub Facebook):<\/td><td class=\"column-2\"><a href=\"https:\/\/www.facebook.com\/naffyio\" rel=\"nofollow\">https:\/\/www.facebook.com\/naffyio<\/a><\/td>\n<\/tr>\n<\/tbody>\n<\/table>\n<!-- #tablepress-61 from cache -->\n","protected":false},"excerpt":{"rendered":"<p>naffy<\/p>\n","protected":false},"author":1,"featured_media":0,"parent":0,"menu_order":0,"comment_status":"closed","ping_status":"closed","template":"","meta":{"om_disable_all_campaigns":false,"_monsterinsights_skip_tracking":false,"_monsterinsights_sitenote_active":false,"_monsterinsights_sitenote_note":"","_monsterinsights_sitenote_category":0,"_uf_show_specific_survey":0,"_uf_disable_surveys":false,"jetpack_post_was_ever_published":false,"footnotes":""},"class_list":["post-1770","page","type-page","status-publish","hentry"],"translation":{"provider":"WPGlobus","version":"3.0.1","language":"en","enabled_languages":["pl","en"],"languages":{"pl":{"title":true,"content":true,"excerpt":false},"en":{"title":false,"content":false,"excerpt":false}}},"jetpack_sharing_enabled":true,"jetpack_shortlink":"https:\/\/wp.me\/P8OTZY-sy","_links":{"self":[{"href":"https:\/\/legaltechpolska.pl\/en\/wp-json\/wp\/v2\/pages\/1770","targetHints":{"allow":["GET"]}}],"collection":[{"href":"https:\/\/legaltechpolska.pl\/en\/wp-json\/wp\/v2\/pages"}],"about":[{"href":"https:\/\/legaltechpolska.pl\/en\/wp-json\/wp\/v2\/types\/page"}],"author":[{"embeddable":true,"href":"https:\/\/legaltechpolska.pl\/en\/wp-json\/wp\/v2\/users\/1"}],"replies":[{"embeddable":true,"href":"https:\/\/legaltechpolska.pl\/en\/wp-json\/wp\/v2\/comments?post=1770"}],"version-history":[{"count":3,"href":"https:\/\/legaltechpolska.pl\/en\/wp-json\/wp\/v2\/pages\/1770\/revisions"}],"predecessor-version":[{"id":1782,"href":"https:\/\/legaltechpolska.pl\/en\/wp-json\/wp\/v2\/pages\/1770\/revisions\/1782"}],"wp:attachment":[{"href":"https:\/\/legaltechpolska.pl\/en\/wp-json\/wp\/v2\/media?parent=1770"}],"curies":[{"name":"wp","href":"https:\/\/api.w.org\/{rel}","templated":true}]}}